{"id":24,"date":"2016-02-12T08:13:06","date_gmt":"2016-02-12T08:13:06","guid":{"rendered":"http:\/\/demos.famethemes.com\/onepress\/?page_id=24"},"modified":"2021-10-17T08:27:49","modified_gmt":"2021-10-17T08:27:49","slug":"e-assessment","status":"publish","type":"page","link":"https:\/\/www.prac-mareng.com\/tr\/e-assessment\/","title":{"rendered":"e-de\u011ferlendirme"},"content":{"rendered":"<p>E-de\u011ferlendirme arac\u0131, kullan\u0131c\u0131lar\u0131n \u00f6\u011frenme a\u015famas\u0131nda edindikleri Denizcilik \u0130ngilizcesi bilgi d\u00fczeylerini de\u011ferlendirmelerini sa\u011flar. Her kullan\u0131c\u0131 i\u00e7in denemenin sonu\u00e7lar\u0131n\u0131 alma, saklama, i\u015fleme ve sunma kapasitesine sahiptir. Bu ara\u00e7 sadece \u00f6\u011frencinin pratik bilgisini de\u011ferlendirmekle kalmaz, ayn\u0131 zamanda Denizcilik \u0130ngilizcesinde yeni edinilen becerileri kabul eden bir sertifika da sa\u011flar.<\/p>\n\n\n\n<div class=\"wp-block-buttons is-layout-flex wp-block-buttons-is-layout-flex\">\n<div class=\"wp-block-button is-style-fill\"><a class=\"wp-block-button__link\" href=\"http:\/\/www.prac-mareng.com\/course\/login\" target=\"_blank\" rel=\"noreferrer noopener\">G\u0130RMEK \u0130\u00c7\u0130N<\/a><\/div>\n<\/div>\n\n\n\n<p><\/p>","protected":false},"excerpt":{"rendered":"<p>The e-assessment tool enables users to assess their Maritime English level of knowledge acquired during the learning phase. It has the capacity to retrieve, store, handle and present results of &#8230;<\/p>","protected":false},"author":2,"featured_media":0,"parent":0,"menu_order":0,"comment_status":"closed","ping_status":"closed","template":"","meta":{"footnotes":""},"class_list":["post-24","page","type-page","status-publish","hentry"],"jetpack_sharing_enabled":true,"_links":{"self":[{"href":"https:\/\/www.prac-mareng.com\/tr\/wp-json\/wp\/v2\/pages\/24","targetHints":{"allow":["GET"]}}],"collection":[{"href":"https:\/\/www.prac-mareng.com\/tr\/wp-json\/wp\/v2\/pages"}],"about":[{"href":"https:\/\/www.prac-mareng.com\/tr\/wp-json\/wp\/v2\/types\/page"}],"author":[{"embeddable":true,"href":"https:\/\/www.prac-mareng.com\/tr\/wp-json\/wp\/v2\/users\/2"}],"replies":[{"embeddable":true,"href":"https:\/\/www.prac-mareng.com\/tr\/wp-json\/wp\/v2\/comments?post=24"}],"version-history":[{"count":14,"href":"https:\/\/www.prac-mareng.com\/tr\/wp-json\/wp\/v2\/pages\/24\/revisions"}],"predecessor-version":[{"id":1843,"href":"https:\/\/www.prac-mareng.com\/tr\/wp-json\/wp\/v2\/pages\/24\/revisions\/1843"}],"wp:attachment":[{"href":"https:\/\/www.prac-mareng.com\/tr\/wp-json\/wp\/v2\/media?parent=24"}],"curies":[{"name":"wp","href":"https:\/\/api.w.org\/{rel}","templated":true}]}}