{"id":23,"date":"2016-02-12T08:12:49","date_gmt":"2016-02-12T08:12:49","guid":{"rendered":"http:\/\/demos.famethemes.com\/onepress\/?page_id=23"},"modified":"2021-10-17T08:26:54","modified_gmt":"2021-10-17T08:26:54","slug":"e-learning","status":"publish","type":"page","link":"https:\/\/www.prac-mareng.com\/tr\/e-learning\/","title":{"rendered":"e-\u00f6\u011frenme"},"content":{"rendered":"<p>Denizcilik \u0130ngilizcesi e-\u00f6\u011frenme platformu, mevcut teknolojiyi kullan\u0131rken denizciler taraf\u0131ndan y\u00fcr\u00fct\u00fclen VHF ileti\u015fimleri gibi farkl\u0131 t\u00fcrdeki gemilerdeki ger\u00e7ek g\u00f6rev ve etkinliklerin \u00f6rneklerini b\u00fct\u00fcnle\u015ftirir. Ayr\u0131ca, IMO Model kurslar\u0131na g\u00f6re SMCP ifadelerini kullanarak ger\u00e7ek ileti\u015fim durumlar\u0131yla \u00e7e\u015fitli gemilerdeki vaka tabanl\u0131 senaryolar\u0131 entegre eder.<\/p>\n\n\n\n<div class=\"wp-block-buttons is-layout-flex wp-block-buttons-is-layout-flex\">\n<div class=\"wp-block-button\"><a class=\"wp-block-button__link\" href=\"http:\/\/www.prac-mareng.com\/course\/login\" target=\"_blank\" rel=\"noreferrer noopener\">G\u0130RMEK \u0130\u00c7\u0130N<\/a><\/div>\n<\/div>","protected":false},"excerpt":{"rendered":"<p>E-\u00d6\u011frenim platformu, denizcilerin mevcut teknolojiyi kullan\u0131rken y\u00fcr\u00fctt\u00fc\u011f\u00fc VHF ileti\u015fimleri gibi ger\u00e7ek g\u00f6revlerin \/ faaliyetlerin \u00f6rneklerini entegre edecektir. IMO Model kurslar\u0131 alt\u0131nda SMCP c\u00fcmlelerini kullanarak ger\u00e7ek ileti\u015fim senaryolar\u0131na sahip \u00e7e\u015fitli gemilerde vaka bazl\u0131 senaryolar\u0131 i\u00e7erecektir.<\/p>","protected":false},"author":2,"featured_media":0,"parent":0,"menu_order":0,"comment_status":"closed","ping_status":"closed","template":"","meta":{"footnotes":""},"class_list":["post-23","page","type-page","status-publish","hentry"],"jetpack_sharing_enabled":true,"_links":{"self":[{"href":"https:\/\/www.prac-mareng.com\/tr\/wp-json\/wp\/v2\/pages\/23","targetHints":{"allow":["GET"]}}],"collection":[{"href":"https:\/\/www.prac-mareng.com\/tr\/wp-json\/wp\/v2\/pages"}],"about":[{"href":"https:\/\/www.prac-mareng.com\/tr\/wp-json\/wp\/v2\/types\/page"}],"author":[{"embeddable":true,"href":"https:\/\/www.prac-mareng.com\/tr\/wp-json\/wp\/v2\/users\/2"}],"replies":[{"embeddable":true,"href":"https:\/\/www.prac-mareng.com\/tr\/wp-json\/wp\/v2\/comments?post=23"}],"version-history":[{"count":12,"href":"https:\/\/www.prac-mareng.com\/tr\/wp-json\/wp\/v2\/pages\/23\/revisions"}],"predecessor-version":[{"id":1842,"href":"https:\/\/www.prac-mareng.com\/tr\/wp-json\/wp\/v2\/pages\/23\/revisions\/1842"}],"wp:attachment":[{"href":"https:\/\/www.prac-mareng.com\/tr\/wp-json\/wp\/v2\/media?parent=23"}],"curies":[{"name":"wp","href":"https:\/\/api.w.org\/{rel}","templated":true}]}}