{"id":1516,"date":"2020-02-04T12:52:53","date_gmt":"2020-02-04T12:52:53","guid":{"rendered":"http:\/\/www.prac-mareng.com\/?page_id=1516"},"modified":"2020-12-04T10:12:09","modified_gmt":"2020-12-04T10:12:09","slug":"project-summary","status":"publish","type":"page","link":"https:\/\/www.prac-mareng.com\/tr\/project-summary\/","title":{"rendered":"PROJEN\u0130N \u00d6ZET\u0130"},"content":{"rendered":"<p>Uluslararas\u0131 Denizcilik \u00d6rg\u00fct\u00fc (IMO), Gemi Adamlar\u0131n\u0131n E\u011fitim, Belgelendirme ve Vardiya Tutma Standartlar\u0131 (STCW) kapsam\u0131nda \u0130ngilizceyi \u201cdenizin dili\u201d olarak tan\u0131t\u0131r. Ama\u00e7, d\u00fcnya m\u00fcrettebat\u0131n\u0131n y\u00fczde 80'inin ana dil olarak \u0130ngilizce konu\u015fmad\u0131\u011f\u0131 ileti\u015fim hatalar\u0131 nedeniyle meydana gelen kazalar\u0131 azaltmakt\u0131r. Denizcilerden, yeterlilik gereksinimlerine g\u00f6re, g\u00fcnl\u00fck i\u015flerini denizde y\u00fcr\u00fctmek i\u00e7in Denizcilik \u0130ngilizcesine hakim olmalar\u0131 beklenmektedir. IMO Model Kurslar\u0131, denizcilik personelinin gemide g\u00fcvenlik, acil durumlar, gemide ileti\u015fim, yolcu gemilerinde m\u00fc\u015fteri hizmetleri ve denizcilik yetkilileri ile ileti\u015fim gibi durumlarda denizcilik \u0130ngilizcesini kullanmalar\u0131n\u0131n beklendi\u011fi \u00fccretsiz Standart Denizcilik \u0130leti\u015fim C\u00fcmleleri (SMCP) ile denizcilere bu t\u00fcr bir e\u011fitim vermek i\u00e7in kullan\u0131l\u0131r. Ama yine de deniz kazalar\u0131n\u0131n \u00e7o\u011funun, kurallar ve standartlar uygulanmad\u0131\u011f\u0131 i\u00e7in denizcilerin dilsel ileti\u015fim becerilerinin eksikli\u011finden kaynakland\u0131\u011f\u0131 bildirilmektedir. Ara\u015ft\u0131rmalar, kazalar\u0131n artmas\u0131na sebep olan bir fakt\u00f6r\u00fcn, denizde ve karada hizmet veren denizcilerin ileti\u015fim becerilerindeki eksiklik oldu\u011funu ortaya koyuyor (% 40) (Denizcilik Enstit\u00fcs\u00fc, 2015). Denizcilik personelinin \u0130ngilizce dil becerilerinin olmamas\u0131 nedeniyle deniz kazalar\u0131 ve olaylar\u0131 tekrar etmektedir. Bunun yan\u0131 s\u0131ra, profesyonel ba\u011flamda dil \u00f6\u011frenmek her zaman karma\u015f\u0131k ve sorunludur ve denizde \u0130ngilizce dilinin kullan\u0131m\u0131n\u0131n deniz kazalar\u0131n\u0131n temel nedeni ara\u015ft\u0131r\u0131ld\u0131\u011f\u0131nda sorun olmas\u0131n\u0131n \u00e7e\u015fitli nedenleri vard\u0131r. Defalarca bildirildi\u011fi \u00fczere,  d\u00fcnya, iyi ileti\u015fim becerilerine sahip yetkin denizcilere ihtiya\u00e7 duymaktad\u0131r, bu nedenle denizcilerin, e\u011fitim kurumlar\u0131nda sa\u011flayamayaca\u011f\u0131 beceri ve yeterlilikleri kazanacak \u015fekilde e\u011fitilmelerine ger\u00e7ekten ihtiya\u00e7 vard\u0131r. Bu nedenle proje, her bir gemi t\u00fcr\u00fcne \u00f6zg\u00fc ger\u00e7ek faaliyetlere dayal\u0131 olarak Denizcilik \u0130ngilizcesi \u00f6\u011fretmek i\u00e7in her gemide edindikleri deneyimleri hesaba katarak, farkl\u0131 d\u00fczeydeki denizcileri dikkate alan bir \u00f6\u011frenme program\u0131 geli\u015ftirecektir. Program\u0131n, farkl\u0131 kademelerde \u00e7al\u0131\u015fan denizcilere aktar\u0131lmas\u0131 i\u00e7in seviyeler bar\u0131nd\u0131racakt\u0131r. PraC-MARENG projesi,<\/p>\n\n\n\n<ol class=\"wp-block-list\"><li>Denizcilerin g\u00fcnl\u00fck olarak \u00fcstlendikleri her bir gemi t\u00fcr\u00fcne \u00f6zg\u00fc faaliyetleri ve g\u00f6revleri belirlemeyi,<\/li><li>Denizcilerin ger\u00e7ek faaliyetlere ve denizcilik sekt\u00f6r\u00fcndeki en son teknolojileri i\u00e7eren \u00e7e\u015fitli gemi t\u00fcrlerinde g\u00f6revlere eri\u015febildikleri her kademe i\u00e7in bir \u00e7evrimi\u00e7i E\u011fitim program\u0131 geli\u015ftirmeyi,<\/li><li>Deneysel bilgiye dayal\u0131 olarak kullan\u0131c\u0131ya yeni edinilen beceriler i\u00e7in ger\u00e7ek bir sertifika sa\u011flayan bir \u00f6\u011frenme ve de\u011ferlendirme arac\u0131 tasarlamay\u0131 ve geli\u015ftirmeyi,<\/li><\/ol>\n\n\n\n<p>hedeflemektedir.\nBunu yaparken, platform a\u015fa\u011f\u0131daki \u00f6zelliklere sahip olacakt\u0131r:<\/p>\n\n\n\n<ul class=\"wp-block-list\"><li>SMCP kullanarak denizde ger\u00e7ek ileti\u015fimi kapsayacak,<\/li><li>\u00d6\u011frenciler i\u00e7in anlaml\u0131 olan ve onlar\u0131 belirli bir hedefe ula\u015fmak i\u00e7in bu ileti\u015fimi s\u00fcrd\u00fcrmeye kararl\u0131 olmaya motive edecek faaliyetler i\u00e7erecektir. <\/li><\/ul>\n\n\n\n<p>PraC-MARENG Training Platform will have a tailor made programme for different types of ranks taking into account various types of vessels. The tool will have options to select levels of under competence that users would wish to attain on different levels of ranks.<\/p>\n\n\n\n<p>The platform offered by the  PraC-MARENG  Training platform will have a direct impact on seafarers by giving them enhanced competence in English therefore decision making. The seafarers will have better skills and knowledge to understand and interpret tasks and activities on board the vessel hence better communication skill. <\/p>","protected":false},"excerpt":{"rendered":"<p>International Maritime Organisation (IMO) promotes English as &#8220;the language of the sea&#8221; under Standards of Training Certification and Watchkeeping (STCW). The expectation is to reduce accidents occurring due to communication &#8230;<\/p>","protected":false},"author":2,"featured_media":0,"parent":0,"menu_order":0,"comment_status":"closed","ping_status":"closed","template":"","meta":{"footnotes":""},"class_list":["post-1516","page","type-page","status-publish","hentry"],"jetpack_sharing_enabled":true,"_links":{"self":[{"href":"https:\/\/www.prac-mareng.com\/tr\/wp-json\/wp\/v2\/pages\/1516","targetHints":{"allow":["GET"]}}],"collection":[{"href":"https:\/\/www.prac-mareng.com\/tr\/wp-json\/wp\/v2\/pages"}],"about":[{"href":"https:\/\/www.prac-mareng.com\/tr\/wp-json\/wp\/v2\/types\/page"}],"author":[{"embeddable":true,"href":"https:\/\/www.prac-mareng.com\/tr\/wp-json\/wp\/v2\/users\/2"}],"replies":[{"embeddable":true,"href":"https:\/\/www.prac-mareng.com\/tr\/wp-json\/wp\/v2\/comments?post=1516"}],"version-history":[{"count":2,"href":"https:\/\/www.prac-mareng.com\/tr\/wp-json\/wp\/v2\/pages\/1516\/revisions"}],"predecessor-version":[{"id":1649,"href":"https:\/\/www.prac-mareng.com\/tr\/wp-json\/wp\/v2\/pages\/1516\/revisions\/1649"}],"wp:attachment":[{"href":"https:\/\/www.prac-mareng.com\/tr\/wp-json\/wp\/v2\/media?parent=1516"}],"curies":[{"name":"wp","href":"https:\/\/api.w.org\/{rel}","templated":true}]}}