{"id":23,"date":"2016-02-12T08:12:49","date_gmt":"2016-02-12T08:12:49","guid":{"rendered":"http:\/\/demos.famethemes.com\/onepress\/?page_id=23"},"modified":"2021-10-17T08:26:54","modified_gmt":"2021-10-17T08:26:54","slug":"e-learning","status":"publish","type":"page","link":"https:\/\/www.prac-mareng.com\/sl\/e-learning\/","title":{"rendered":"e-u\u010denje"},"content":{"rendered":"<p>Platforma za e-u\u010denje pomorske angle\u0161\u010dine zdru\u017euje primere realnih nalog in aktivnosti na krovu razli\u010dnih vrst plovil, kot je npr. VHF komunikacija, ki jih pomor\u0161\u010daki izvajajo z uporabo trenutnih tehnologij. Vklju\u010duje tudi scenarije za razli\u010dne vrste plovil z realnimi situacijami v komunikaciji z uporabo SMCP fraz v skladu s te\u010daji IMO modela.<\/p>\n\n\n\n<div class=\"wp-block-buttons is-layout-flex wp-block-buttons-is-layout-flex\">\n<div class=\"wp-block-button\"><a class=\"wp-block-button__link\" href=\"http:\/\/www.prac-mareng.com\/course\/login\" target=\"_blank\" rel=\"noreferrer noopener\">VSTOPI<\/a><\/div>\n<\/div>","protected":false},"excerpt":{"rendered":"<p>Program za e-u\u010denje bo vklju\u010deval primere realnih nalog\/aktivnosti kot je npr. VHF radijska komunikacija, ki jo pomorci redno uporabljajo. Tako bo vklju\u010deval tudi primere komunikacije z uporabo SMCP, kar predvideva tudi IMO vzor\u010dni te\u010daj.<\/p>","protected":false},"author":2,"featured_media":0,"parent":0,"menu_order":0,"comment_status":"closed","ping_status":"closed","template":"","meta":{"footnotes":""},"class_list":["post-23","page","type-page","status-publish","hentry"],"jetpack_sharing_enabled":true,"_links":{"self":[{"href":"https:\/\/www.prac-mareng.com\/sl\/wp-json\/wp\/v2\/pages\/23","targetHints":{"allow":["GET"]}}],"collection":[{"href":"https:\/\/www.prac-mareng.com\/sl\/wp-json\/wp\/v2\/pages"}],"about":[{"href":"https:\/\/www.prac-mareng.com\/sl\/wp-json\/wp\/v2\/types\/page"}],"author":[{"embeddable":true,"href":"https:\/\/www.prac-mareng.com\/sl\/wp-json\/wp\/v2\/users\/2"}],"replies":[{"embeddable":true,"href":"https:\/\/www.prac-mareng.com\/sl\/wp-json\/wp\/v2\/comments?post=23"}],"version-history":[{"count":12,"href":"https:\/\/www.prac-mareng.com\/sl\/wp-json\/wp\/v2\/pages\/23\/revisions"}],"predecessor-version":[{"id":1842,"href":"https:\/\/www.prac-mareng.com\/sl\/wp-json\/wp\/v2\/pages\/23\/revisions\/1842"}],"wp:attachment":[{"href":"https:\/\/www.prac-mareng.com\/sl\/wp-json\/wp\/v2\/media?parent=23"}],"curies":[{"name":"wp","href":"https:\/\/api.w.org\/{rel}","templated":true}]}}