{"id":1613,"date":"2020-11-11T11:36:32","date_gmt":"2020-11-11T11:36:32","guid":{"rendered":"http:\/\/www.prac-mareng.com\/?page_id=1613"},"modified":"2021-11-19T10:56:54","modified_gmt":"2021-11-19T10:56:54","slug":"promotional-materials","status":"publish","type":"page","link":"https:\/\/www.prac-mareng.com\/sl\/promotional-materials\/","title":{"rendered":"Promocijski materiali"},"content":{"rendered":"<h3 class=\"wp-block-heading\"><strong>Bro\u0161ura Prac-MARENG<\/strong><\/h3>\n\n\n\n<p> Prevedene verzija bro\u0161ure Prac-MARENG lahko nalo\u017eite preko spodnjih povezav:  <\/p>\n\n\n\n<p><a href=\"https:\/\/www.prac-mareng.com\/wp-content\/uploads\/2021\/10\/Brochure_PracMARENG_all_EN1a.pdf\">English<\/a><br><a href=\"https:\/\/www.prac-mareng.com\/wp-content\/uploads\/2021\/10\/Brochure_PracMARENG_FR1.pdf\">Fran\u00e7ais<\/a><br><a href=\"https:\/\/www.prac-mareng.com\/wp-content\/uploads\/2021\/11\/Brochure_PracMARENG_in_LT.pdf\">Lietuvi\u0173 kalba<br><\/a><a href=\"https:\/\/www.prac-mareng.com\/wp-content\/uploads\/2021\/10\/Brochure_PracMARENG_RO1a.pdf\">Rom\u00e2n\u0103<\/a><br><a href=\"https:\/\/www.prac-mareng.com\/wp-content\/uploads\/2021\/10\/Brochure_PracMARENG_all_SI1.pdf\">Sloven\u0161\u010dina<\/a><br><a href=\"https:\/\/www.prac-mareng.com\/wp-content\/uploads\/2021\/10\/Brochure_PracMARENG_TR.pdf\">T\u00fcrk\u00e7e<\/a><br><\/p>\n\n\n\n<h3 class=\"wp-block-heading\"><strong>Letak PraC-MARENG<\/strong><\/h3>\n\n\n\n<p>Prevedene verzija letaka Prac-MARENG lahko nalo\u017eite preko spodnjih povezav: <\/p>\n\n\n\n<p><a href=\"http:\/\/www.prac-mareng.com\/wp-content\/uploads\/2020\/11\/flyer_EN_PraC-MARENG4a.pdf\">English<\/a><br><a href=\"http:\/\/www.prac-mareng.com\/wp-content\/uploads\/2020\/11\/flyer_FR_PraC-MARENG4a.pdf\">Fran\u00e7ais<\/a><br><a href=\"http:\/\/www.prac-mareng.com\/wp-content\/uploads\/2020\/11\/flyer_LT_PraC-MARENG4a.pdf\">Lietuvi\u0173 kalba<\/a><br><a href=\"http:\/\/www.prac-mareng.com\/wp-content\/uploads\/2020\/11\/Flyer_RO_PraC-MARENG4a.pdf\">Rom\u00e2n\u0103<\/a><br><a href=\"http:\/\/www.prac-mareng.com\/wp-content\/uploads\/2020\/11\/flyer_SI_PraC-MARENG4a.pdf\">Sloven\u0161\u010dina<\/a><br><a href=\"http:\/\/www.prac-mareng.com\/wp-content\/uploads\/2020\/11\/flyer_TR_PraC-MARENG.pdf\">T\u00fcrk\u00e7e<\/a><\/p>","protected":false},"excerpt":{"rendered":"<p>PraC-MARENG BROCHURE You can download online translated versions of the PraC-MARENG Brochure following the links below: EnglishFran\u00e7aisLietuvi\u0173 kalbaRom\u00e2n\u0103Sloven\u0161\u010dinaT\u00fcrk\u00e7e PraC-MARENG FLYER You can download online translated versions of the PraC-MARENG Flyer &#8230;<\/p>","protected":false},"author":2,"featured_media":0,"parent":0,"menu_order":0,"comment_status":"closed","ping_status":"closed","template":"","meta":{"footnotes":""},"class_list":["post-1613","page","type-page","status-publish","hentry"],"jetpack_sharing_enabled":true,"_links":{"self":[{"href":"https:\/\/www.prac-mareng.com\/sl\/wp-json\/wp\/v2\/pages\/1613","targetHints":{"allow":["GET"]}}],"collection":[{"href":"https:\/\/www.prac-mareng.com\/sl\/wp-json\/wp\/v2\/pages"}],"about":[{"href":"https:\/\/www.prac-mareng.com\/sl\/wp-json\/wp\/v2\/types\/page"}],"author":[{"embeddable":true,"href":"https:\/\/www.prac-mareng.com\/sl\/wp-json\/wp\/v2\/users\/2"}],"replies":[{"embeddable":true,"href":"https:\/\/www.prac-mareng.com\/sl\/wp-json\/wp\/v2\/comments?post=1613"}],"version-history":[{"count":10,"href":"https:\/\/www.prac-mareng.com\/sl\/wp-json\/wp\/v2\/pages\/1613\/revisions"}],"predecessor-version":[{"id":1895,"href":"https:\/\/www.prac-mareng.com\/sl\/wp-json\/wp\/v2\/pages\/1613\/revisions\/1895"}],"wp:attachment":[{"href":"https:\/\/www.prac-mareng.com\/sl\/wp-json\/wp\/v2\/media?parent=1613"}],"curies":[{"name":"wp","href":"https:\/\/api.w.org\/{rel}","templated":true}]}}