{"id":24,"date":"2016-02-12T08:13:06","date_gmt":"2016-02-12T08:13:06","guid":{"rendered":"http:\/\/demos.famethemes.com\/onepress\/?page_id=24"},"modified":"2021-10-17T08:27:49","modified_gmt":"2021-10-17T08:27:49","slug":"e-assessment","status":"publish","type":"page","link":"https:\/\/www.prac-mareng.com\/ro\/e-assessment\/","title":{"rendered":"E-Assesment"},"content":{"rendered":"<p>Instrumentul de e-evaluare permite utilizatorilor s\u0103 \u00ee\u0219i evalueze nivelul de cuno\u0219tin\u021be la limba englez\u0103 maritim\u0103 dob\u00e2ndite \u00een timpul fazei de \u00eenv\u0103\u021bare. Are capacitatea de a prelua, stoca, gestiona \u0219i prezenta rezultatele \u00eencerc\u0103rii pentru fiecare utilizator. Acest instrument nu numai c\u0103 evalueaz\u0103 cuno\u0219tin\u021bele practice ale cursantului, ci ofer\u0103 \u0219i un certificat care recunoa\u0219te abilit\u0103\u021bile nou dob\u00e2ndite \u00een limba englez\u0103 maritim\u0103.<\/p>\n\n\n\n<div class=\"wp-block-buttons is-layout-flex wp-block-buttons-is-layout-flex\">\n<div class=\"wp-block-button is-style-fill\"><a class=\"wp-block-button__link\" href=\"http:\/\/www.prac-mareng.com\/course\/login\" target=\"_blank\" rel=\"noreferrer noopener\">Accesa\u021bi<\/a><\/div>\n<\/div>\n\n\n\n<p><\/p>","protected":false},"excerpt":{"rendered":"<p>The e-assessment tool enables users to assess their Maritime English level of knowledge acquired during the learning phase. It has the capacity to retrieve, store, handle and present results of &#8230;<\/p>","protected":false},"author":2,"featured_media":0,"parent":0,"menu_order":0,"comment_status":"closed","ping_status":"closed","template":"","meta":{"footnotes":""},"class_list":["post-24","page","type-page","status-publish","hentry"],"jetpack_sharing_enabled":true,"_links":{"self":[{"href":"https:\/\/www.prac-mareng.com\/ro\/wp-json\/wp\/v2\/pages\/24","targetHints":{"allow":["GET"]}}],"collection":[{"href":"https:\/\/www.prac-mareng.com\/ro\/wp-json\/wp\/v2\/pages"}],"about":[{"href":"https:\/\/www.prac-mareng.com\/ro\/wp-json\/wp\/v2\/types\/page"}],"author":[{"embeddable":true,"href":"https:\/\/www.prac-mareng.com\/ro\/wp-json\/wp\/v2\/users\/2"}],"replies":[{"embeddable":true,"href":"https:\/\/www.prac-mareng.com\/ro\/wp-json\/wp\/v2\/comments?post=24"}],"version-history":[{"count":14,"href":"https:\/\/www.prac-mareng.com\/ro\/wp-json\/wp\/v2\/pages\/24\/revisions"}],"predecessor-version":[{"id":1843,"href":"https:\/\/www.prac-mareng.com\/ro\/wp-json\/wp\/v2\/pages\/24\/revisions\/1843"}],"wp:attachment":[{"href":"https:\/\/www.prac-mareng.com\/ro\/wp-json\/wp\/v2\/media?parent=24"}],"curies":[{"name":"wp","href":"https:\/\/api.w.org\/{rel}","templated":true}]}}