{"id":23,"date":"2016-02-12T08:12:49","date_gmt":"2016-02-12T08:12:49","guid":{"rendered":"http:\/\/demos.famethemes.com\/onepress\/?page_id=23"},"modified":"2021-10-17T08:26:54","modified_gmt":"2021-10-17T08:26:54","slug":"e-learning","status":"publish","type":"page","link":"https:\/\/www.prac-mareng.com\/ro\/e-learning\/","title":{"rendered":"E-learning"},"content":{"rendered":"<p>Platforma de e-learning pentru limba englez\u0103 maritim\u0103 integreaz\u0103 exemple de sarcini \u0219i activit\u0103\u021bi reale la bordul diferitelor tipuri de nave, cum ar fi comunica\u021biile VHF efectuate de navigatori atunci c\u00e2nd utilizeaz\u0103 tehnologia actual\u0103. De asemenea, integreaz\u0103 scenarii desf\u0103\u0219urate la bordul diferitelor tipuri de nave \u00een situa\u021bii reale de comunicare folosind frazele SMCP conform modelelor de cursuri IMO.<\/p>\n\n\n\n<div class=\"wp-block-buttons is-layout-flex wp-block-buttons-is-layout-flex\">\n<div class=\"wp-block-button\"><a class=\"wp-block-button__link\" href=\"http:\/\/www.prac-mareng.com\/course\/login\" target=\"_blank\" rel=\"noreferrer noopener\">Accesa\u021bi<\/a><\/div>\n<\/div>","protected":false},"excerpt":{"rendered":"<p>Platforma E-Learning va integra exemple de sarcini \/ activit\u0103\u021bi reale, cum ar fi comunica\u021biile VHF pe care navigatorii le desf\u0103\u0219oar\u0103 atunci c\u00e2nd utilizeaz\u0103 tehnologia actual\u0103. Scenarii bazate pe cazuri de la bordul unor diferite tipuri de nave cu scenarii de comunicare reale folosind fraze SMCP \u00een cadrul cursurilor Model IMO.<\/p>","protected":false},"author":2,"featured_media":0,"parent":0,"menu_order":0,"comment_status":"closed","ping_status":"closed","template":"","meta":{"footnotes":""},"class_list":["post-23","page","type-page","status-publish","hentry"],"jetpack_sharing_enabled":true,"_links":{"self":[{"href":"https:\/\/www.prac-mareng.com\/ro\/wp-json\/wp\/v2\/pages\/23","targetHints":{"allow":["GET"]}}],"collection":[{"href":"https:\/\/www.prac-mareng.com\/ro\/wp-json\/wp\/v2\/pages"}],"about":[{"href":"https:\/\/www.prac-mareng.com\/ro\/wp-json\/wp\/v2\/types\/page"}],"author":[{"embeddable":true,"href":"https:\/\/www.prac-mareng.com\/ro\/wp-json\/wp\/v2\/users\/2"}],"replies":[{"embeddable":true,"href":"https:\/\/www.prac-mareng.com\/ro\/wp-json\/wp\/v2\/comments?post=23"}],"version-history":[{"count":12,"href":"https:\/\/www.prac-mareng.com\/ro\/wp-json\/wp\/v2\/pages\/23\/revisions"}],"predecessor-version":[{"id":1842,"href":"https:\/\/www.prac-mareng.com\/ro\/wp-json\/wp\/v2\/pages\/23\/revisions\/1842"}],"wp:attachment":[{"href":"https:\/\/www.prac-mareng.com\/ro\/wp-json\/wp\/v2\/media?parent=23"}],"curies":[{"name":"wp","href":"https:\/\/api.w.org\/{rel}","templated":true}]}}