{"id":23,"date":"2016-02-12T08:12:49","date_gmt":"2016-02-12T08:12:49","guid":{"rendered":"http:\/\/demos.famethemes.com\/onepress\/?page_id=23"},"modified":"2021-10-17T08:26:54","modified_gmt":"2021-10-17T08:26:54","slug":"e-learning","status":"publish","type":"page","link":"https:\/\/www.prac-mareng.com\/lt\/e-learning\/","title":{"rendered":"e-mokymasis"},"content":{"rendered":"<p>J\u016br\u0173 angl\u0173 kalbos e-mokymosi platformoje pateikiami reali\u0173 u\u017eduo\u010di\u0173 ir veiklos, atliekamos \u012fvairi\u0173 tip\u0173 laivuose, pavyzd\u017eiai, tokie kaip komunikacija radijo ry\u0161iu naudojant dabartines technologijas, integruoti scenarijai \u012fvairiuose laivuose su realiomis bendravimo situacijomis, naudojant SMCP frazes.<\/p>\n\n\n\n<div class=\"wp-block-buttons is-layout-flex wp-block-buttons-is-layout-flex\">\n<div class=\"wp-block-button\"><a class=\"wp-block-button__link\" href=\"http:\/\/www.prac-mareng.com\/course\/login\" target=\"_blank\" rel=\"noreferrer noopener\">PRISIJUNGTI<\/a><\/div>\n<\/div>","protected":false},"excerpt":{"rendered":"<p>E-mokymosi platformoje bus integruoti reali\u0173 u\u017eduo\u010di\u0173, veiklos pavyzd\u017eiai, kuriuos j\u016brininkai vykdo naudodamiesi dabartin\u0117mis technologijomis. Modeliuojami realiais atvejais gr\u012fsti scenarijai, \u012fvairiuose laivuose naudojant SMCP frazes.<\/p>","protected":false},"author":2,"featured_media":0,"parent":0,"menu_order":0,"comment_status":"closed","ping_status":"closed","template":"","meta":{"footnotes":""},"class_list":["post-23","page","type-page","status-publish","hentry"],"jetpack_sharing_enabled":true,"_links":{"self":[{"href":"https:\/\/www.prac-mareng.com\/lt\/wp-json\/wp\/v2\/pages\/23","targetHints":{"allow":["GET"]}}],"collection":[{"href":"https:\/\/www.prac-mareng.com\/lt\/wp-json\/wp\/v2\/pages"}],"about":[{"href":"https:\/\/www.prac-mareng.com\/lt\/wp-json\/wp\/v2\/types\/page"}],"author":[{"embeddable":true,"href":"https:\/\/www.prac-mareng.com\/lt\/wp-json\/wp\/v2\/users\/2"}],"replies":[{"embeddable":true,"href":"https:\/\/www.prac-mareng.com\/lt\/wp-json\/wp\/v2\/comments?post=23"}],"version-history":[{"count":12,"href":"https:\/\/www.prac-mareng.com\/lt\/wp-json\/wp\/v2\/pages\/23\/revisions"}],"predecessor-version":[{"id":1842,"href":"https:\/\/www.prac-mareng.com\/lt\/wp-json\/wp\/v2\/pages\/23\/revisions\/1842"}],"wp:attachment":[{"href":"https:\/\/www.prac-mareng.com\/lt\/wp-json\/wp\/v2\/media?parent=23"}],"curies":[{"name":"wp","href":"https:\/\/api.w.org\/{rel}","templated":true}]}}