{"id":1516,"date":"2020-02-04T12:52:53","date_gmt":"2020-02-04T12:52:53","guid":{"rendered":"http:\/\/www.prac-mareng.com\/?page_id=1516"},"modified":"2020-12-04T10:12:09","modified_gmt":"2020-12-04T10:12:09","slug":"project-summary","status":"publish","type":"page","link":"https:\/\/www.prac-mareng.com\/lt\/project-summary\/","title":{"rendered":"Projekto santrauka"},"content":{"rendered":"<p>Vadovaujantis Tarptautin\u0117s j\u016br\u0173 organizacijos Mokymo, atestavimo ir bud\u0117jimo normatyvais (STCW) j\u016brininkai privalo mok\u0117ti j\u016brin\u0119 angl\u0173 kalb\u0105, siekiant efektyvios komunikacijos, tokiose situacijose kaip saugos laive u\u017etikrinimas, vidine komunikacija laive, komunikacija tarp skirting\u0173 laiv\u0173 ir uosto. Visgi statistika rodo, kad net 40 procent\u0173 incident\u0173 j\u016broje \u012fvyksta d\u0117l komunikacijos klaid\u0173. Tod\u0117l \u012fgyvendinant projekt\u0105 bus parengta mokymo programa, kurioje bus atsi\u017evelgiama \u012f skirtingo rango j\u016brininkus, \u012f j\u0173 patirt\u012f, siekiant sudaryti s\u0105lygas mokytis j\u016brin\u0117s angl\u0173 kalbos, gr\u012fstos realiais scenarijais. \n\nPraC-MARENG projekto tikslas:<\/p>\n\n\n\n<ol class=\"wp-block-list\"><li>Nustatyti kiekvieno tipo laivams b\u016bding\u0105 veikl\u0105 ir u\u017eduotis, kurias j\u016brininkai atlieka kasdien.<\/li><li>Sukurti internetin\u0119 mokymosi program\u0105 diferencijuojant pagal laiv\u0173 tipus ir pareigas laive.<\/li><li>Sukurti virtual\u0173 vertinimo \u012frank\u012f.<\/li><\/ol>\n\n\n\n<p>In doing this so, the platform will have following features:<\/p>\n\n\n\n<ul class=\"wp-block-list\"><li>incorporates real communication at sea using SMCP,<\/li><li>activities which are meaningful to students and which will motivate them to become committed to sustaining that communication to accomplish a specific goal. <\/li><\/ul>\n\n\n\n<p>PraC-MARENG mokymo platformoje mokymo programa diferencijuojama pagal skirtingus laiv\u0173 tipus ir rangus, taip pat galima pasirinkti bus galima pasirinkti kompetencijos lygius.<\/p>\n\n\n\n<p>Galima teigti, PraC-MARENG mokymosi platforma gali tiesiogiai prisid\u0117ti prie  j\u016brinink\u0173 angl\u0173 kalbos kompetencijos pl\u0117tojimo bei  bendravimo \u012fg\u016bd\u017eiai laive formavimo. <\/p>","protected":false},"excerpt":{"rendered":"<p>International Maritime Organisation (IMO) promotes English as &#8220;the language of the sea&#8221; under Standards of Training Certification and Watchkeeping (STCW). The expectation is to reduce accidents occurring due to communication &#8230;<\/p>","protected":false},"author":2,"featured_media":0,"parent":0,"menu_order":0,"comment_status":"closed","ping_status":"closed","template":"","meta":{"footnotes":""},"class_list":["post-1516","page","type-page","status-publish","hentry"],"jetpack_sharing_enabled":true,"_links":{"self":[{"href":"https:\/\/www.prac-mareng.com\/lt\/wp-json\/wp\/v2\/pages\/1516","targetHints":{"allow":["GET"]}}],"collection":[{"href":"https:\/\/www.prac-mareng.com\/lt\/wp-json\/wp\/v2\/pages"}],"about":[{"href":"https:\/\/www.prac-mareng.com\/lt\/wp-json\/wp\/v2\/types\/page"}],"author":[{"embeddable":true,"href":"https:\/\/www.prac-mareng.com\/lt\/wp-json\/wp\/v2\/users\/2"}],"replies":[{"embeddable":true,"href":"https:\/\/www.prac-mareng.com\/lt\/wp-json\/wp\/v2\/comments?post=1516"}],"version-history":[{"count":2,"href":"https:\/\/www.prac-mareng.com\/lt\/wp-json\/wp\/v2\/pages\/1516\/revisions"}],"predecessor-version":[{"id":1649,"href":"https:\/\/www.prac-mareng.com\/lt\/wp-json\/wp\/v2\/pages\/1516\/revisions\/1649"}],"wp:attachment":[{"href":"https:\/\/www.prac-mareng.com\/lt\/wp-json\/wp\/v2\/media?parent=1516"}],"curies":[{"name":"wp","href":"https:\/\/api.w.org\/{rel}","templated":true}]}}