{"id":23,"date":"2016-02-12T08:12:49","date_gmt":"2016-02-12T08:12:49","guid":{"rendered":"http:\/\/demos.famethemes.com\/onepress\/?page_id=23"},"modified":"2021-10-17T08:26:54","modified_gmt":"2021-10-17T08:26:54","slug":"e-learning","status":"publish","type":"page","link":"https:\/\/www.prac-mareng.com\/fr\/e-learning\/","title":{"rendered":"Apprentissage en ligne"},"content":{"rendered":"<p>La plate-forme d'apprentissage en ligne de l'anglais maritime int\u00e8gre des exemples de t\u00e2ches et d'activit\u00e9s r\u00e9elles \u00e0 bord de diff\u00e9rents types de navires, telles que les communications VHF men\u00e9es par les marins utilisant la technologie actuelle. Il int\u00e8gre \u00e9galement des sc\u00e9narios bas\u00e9s sur des cas dans divers navires avec des situations de communication r\u00e9elles en utilisant les phrases SMCP selon les cours du mod\u00e8le IMO.<\/p>\n\n\n\n<div class=\"wp-block-buttons is-layout-flex wp-block-buttons-is-layout-flex\">\n<div class=\"wp-block-button\"><a class=\"wp-block-button__link\" href=\"http:\/\/www.prac-mareng.com\/course\/login\" target=\"_blank\" rel=\"noreferrer noopener\">ENTRER<\/a><\/div>\n<\/div>","protected":false},"excerpt":{"rendered":"<p>La plate-forme d\u2019apprentissage en ligne int\u00e9grera des exemples de devoirs\/missions r\u00e9elles, comme des communications VHF que les navigateurs vont conduire en utilisant la technologie actuelle. Il y aura des sc\u00e9narios bas\u00e9s sur des cas sur des navires vari\u00e9s avec des sc\u00e9narios de communication r\u00e9elle utilisant des phrases SMCP avec les cours de Mod\u00e8le IMO.<\/p>","protected":false},"author":2,"featured_media":0,"parent":0,"menu_order":0,"comment_status":"closed","ping_status":"closed","template":"","meta":{"footnotes":""},"class_list":["post-23","page","type-page","status-publish","hentry"],"jetpack_sharing_enabled":true,"_links":{"self":[{"href":"https:\/\/www.prac-mareng.com\/fr\/wp-json\/wp\/v2\/pages\/23","targetHints":{"allow":["GET"]}}],"collection":[{"href":"https:\/\/www.prac-mareng.com\/fr\/wp-json\/wp\/v2\/pages"}],"about":[{"href":"https:\/\/www.prac-mareng.com\/fr\/wp-json\/wp\/v2\/types\/page"}],"author":[{"embeddable":true,"href":"https:\/\/www.prac-mareng.com\/fr\/wp-json\/wp\/v2\/users\/2"}],"replies":[{"embeddable":true,"href":"https:\/\/www.prac-mareng.com\/fr\/wp-json\/wp\/v2\/comments?post=23"}],"version-history":[{"count":12,"href":"https:\/\/www.prac-mareng.com\/fr\/wp-json\/wp\/v2\/pages\/23\/revisions"}],"predecessor-version":[{"id":1842,"href":"https:\/\/www.prac-mareng.com\/fr\/wp-json\/wp\/v2\/pages\/23\/revisions\/1842"}],"wp:attachment":[{"href":"https:\/\/www.prac-mareng.com\/fr\/wp-json\/wp\/v2\/media?parent=23"}],"curies":[{"name":"wp","href":"https:\/\/api.w.org\/{rel}","templated":true}]}}