{"id":1516,"date":"2020-02-04T12:52:53","date_gmt":"2020-02-04T12:52:53","guid":{"rendered":"http:\/\/www.prac-mareng.com\/?page_id=1516"},"modified":"2020-12-04T10:12:09","modified_gmt":"2020-12-04T10:12:09","slug":"project-summary","status":"publish","type":"page","link":"https:\/\/www.prac-mareng.com\/fr\/project-summary\/","title":{"rendered":"R\u00e9sum\u00e9 du projet"},"content":{"rendered":"<p>L'Organisation maritime internationale (IMO) fait la promotion de l'anglais comme \u00ab langue de la mer \u00bb dans le cadre des normes de formation, de certification et de veille (STCW). L'objectif est de r\u00e9duire les accidents dus \u00e0 des d\u00e9faillances de communication o\u00f9 80 pour cent des \u00e9quipages mondiaux ne parlent pas l'anglais comme premi\u00e8re langue. Les gens de mer, selon leurs exigences en mati\u00e8re de comp\u00e9tences, doivent avoir une bonne ma\u00eetrise de l'anglais maritime pour effectuer leurs t\u00e2ches quotidiennes en mer. Les cours mod\u00e8les de l'IMO sont utilis\u00e9s pour dispenser une telle formation aux marins avec des phrases de communication maritime standard (SMCP) gratuites o\u00f9 les professionnels maritimes sont cens\u00e9s utiliser l'anglais maritime dans les communications pour des situations telles que la s\u00e9curit\u00e9 et la s\u00fbret\u00e9 \u00e0 bord, les situations d'urgence, la communication \u00e0 bord, le service \u00e0 la client\u00e8le sur les navires \u00e0 passagers et la communication avec les autorit\u00e9s maritimes et pourtant, la majorit\u00e9 des accidents maritimes seraient dus au manque de comp\u00e9tences linguistiques en communication des gens de mer car les r\u00e8gles et les normes ne sont pas appliqu\u00e9es. Les recherches \u00e9tablissent qu'un facteur contribuant \u00e0 l'augmentation des accidents est le manque de comp\u00e9tences en communication des hommes du maritime servant en mer et \u00e0 terre (40 %) (Nautical Institute, 2015). Les accidents et incidents maritimes sont r\u00e9currents en raison d'un manque de comp\u00e9tences linguistiques en anglais du personnel maritime. En plus de cela, l'apprentissage d'une langue dans un contexte professionnel est toujours complexe et probl\u00e9matique lorsqu'il existe diverses raisons pour lesquelles l'utilisation de la langue anglaise en mer a \u00e9t\u00e9 un probl\u00e8me lorsque la cause premi\u00e8re des accidents maritimes est \u00e9tudi\u00e9e. Le monde, tel qu'il a \u00e9t\u00e9 rapport\u00e9 \u00e0 plusieurs reprises, a besoin de marins comp\u00e9tents qui ont de bonnes comp\u00e9tences en communication. Le projet d\u00e9veloppera donc un programme d'apprentissage tenant compte des diff\u00e9rents grades des marins, en tenant compte de l'exp\u00e9rience qu'ils ont acquise dans chaque navire pour enseigner l'anglais maritime sur la base des activit\u00e9s r\u00e9elles sp\u00e9cifiques \u00e0 chaque type de navire. Le programme comportera des phases pour le transmettre aux marins travaillant \u00e0 diff\u00e9rents niveaux de commandement. Le projet PraC-MARENG vise \u00e0:<\/p>\n\n\n\n<ol class=\"wp-block-list\"><li>Identifier les activit\u00e9s et les t\u00e2ches sp\u00e9cifiques \u00e0 chaque type de navire que l'\u00e9quipage entreprend au quotidien,<\/li><li>D\u00e9velopper un programme de formation en ligne pour chaque grade afin qu'ils puissent acc\u00e9der \u00e0 ces activit\u00e9s et t\u00e2ches r\u00e9elles \u00e0 bord de divers types de navires qui int\u00e8grent les derni\u00e8res technologies du secteur maritime,<\/li><li>Concevoir et d\u00e9velopper un outil d'apprentissage et d'\u00e9valuation qui fournit \u00e0 l'utilisateur un v\u00e9ritable certificat pour les comp\u00e9tences nouvellement acquises sur la base de connaissances exp\u00e9rientielles.<\/li><\/ol>\n\n\n\n<p>Ce faisant, la plate-forme disposera des fonctionnalit\u00e9s suivantes:<\/p>\n\n\n\n<ul class=\"wp-block-list\"><li>int\u00e8gre une v\u00e9ritable communication en mer via SMCP,<\/li><li>activit\u00e9s qui sont significatives pour les \u00e9l\u00e8ves et qui les motiveront \u00e0 s'engager \u00e0 maintenir cette communication pour atteindre un objectif sp\u00e9cifique. <\/li><\/ul>\n\n\n\n<p>La plate-forme de formation PraC-MARENG aura un programme sur mesure pour diff\u00e9rents types de grades en tenant compte de divers types de navires. L'outil aura des options pour s\u00e9lectionner les niveaux de sous-comp\u00e9tence que les utilisateurs souhaiteraient atteindre \u00e0 diff\u00e9rents niveaux de classement.<\/p>\n\n\n\n<p>La plate-forme offerte par la formation PraC-MARENG aura un impact direct sur ses utilisateurs en leur donnant une comp\u00e9tence accrue en anglais donc la prise de d\u00e9cision. Les marins auront ainsi de meilleures comp\u00e9tences et connaissances pour comprendre et interpr\u00e9ter les t\u00e2ches et les activit\u00e9s \u00e0 bord du navire, d'o\u00f9 une meilleure capacit\u00e9 de communication. <\/p>","protected":false},"excerpt":{"rendered":"<p>International Maritime Organisation (IMO) promotes English as &#8220;the language of the sea&#8221; under Standards of Training Certification and Watchkeeping (STCW). The expectation is to reduce accidents occurring due to communication &#8230;<\/p>","protected":false},"author":2,"featured_media":0,"parent":0,"menu_order":0,"comment_status":"closed","ping_status":"closed","template":"","meta":{"footnotes":""},"class_list":["post-1516","page","type-page","status-publish","hentry"],"jetpack_sharing_enabled":true,"_links":{"self":[{"href":"https:\/\/www.prac-mareng.com\/fr\/wp-json\/wp\/v2\/pages\/1516","targetHints":{"allow":["GET"]}}],"collection":[{"href":"https:\/\/www.prac-mareng.com\/fr\/wp-json\/wp\/v2\/pages"}],"about":[{"href":"https:\/\/www.prac-mareng.com\/fr\/wp-json\/wp\/v2\/types\/page"}],"author":[{"embeddable":true,"href":"https:\/\/www.prac-mareng.com\/fr\/wp-json\/wp\/v2\/users\/2"}],"replies":[{"embeddable":true,"href":"https:\/\/www.prac-mareng.com\/fr\/wp-json\/wp\/v2\/comments?post=1516"}],"version-history":[{"count":2,"href":"https:\/\/www.prac-mareng.com\/fr\/wp-json\/wp\/v2\/pages\/1516\/revisions"}],"predecessor-version":[{"id":1649,"href":"https:\/\/www.prac-mareng.com\/fr\/wp-json\/wp\/v2\/pages\/1516\/revisions\/1649"}],"wp:attachment":[{"href":"https:\/\/www.prac-mareng.com\/fr\/wp-json\/wp\/v2\/media?parent=1516"}],"curies":[{"name":"wp","href":"https:\/\/api.w.org\/{rel}","templated":true}]}}